{"id":2159,"date":"2019-02-06T03:46:43","date_gmt":"2019-02-06T03:46:43","guid":{"rendered":"https:\/\/www.cinelerra-gg.org\/videobearbeitung-compositing-software\/"},"modified":"2020-09-26T19:30:52","modified_gmt":"2020-09-26T19:30:52","slug":"videobearbeitung-compositing-software","status":"publish","type":"page","link":"https:\/\/cinelerra-gg.org\/de\/","title":{"rendered":"Videobearbeitung &amp; Compositing-Software"},"content":{"rendered":"\n[et_pb_section fb_built=&#8220;1&#8243; _builder_version=&#8220;3.22&#8243; use_background_color_gradient=&#8220;on&#8220; background_color_gradient_end=&#8220;#00ede1&#8243; background_color_gradient_direction=&#8220;181deg&#8220; background_color_gradient_start_position=&#8220;48%&#8220; custom_padding=&#8220;40px|0px|20px|0px|false|false&#8220;][et_pb_row column_structure=&#8220;2_5,3_5&#8243; _builder_version=&#8220;3.25&#8243; custom_padding=&#8220;77px|0px|18px|0px|false|false&#8220;][et_pb_column type=&#8220;2_5&#8243; _builder_version=&#8220;3.25&#8243; custom_padding=&#8220;10%|||&#8220; custom_padding__hover=&#8220;|||&#8220;][et_pb_text _builder_version=&#8220;3.27.4&#8243; text_font=&#8220;||||||||&#8220; text_text_color=&#8220;#ffffff&#8220; text_font_size=&#8220;16px&#8220; header_font=&#8220;||||||||&#8220; header_2_font=&#8220;||||||||&#8220; header_2_text_align=&#8220;center&#8220; header_2_text_color=&#8220;#ffffff&#8220; text_orientation=&#8220;center&#8220; background_layout=&#8220;dark&#8220; custom_margin=&#8220;||&#8220; animation_direction=&#8220;left&#8220;]<h1 style=\"text-align: left\">Cinelerra GG Infinity <\/h1>\n<p style=\"text-align: justify\">Cinelerra GG Infinity ist eine kostenlose und Open-Source-Videobearbeitungssoftware f\u00fcr Linux. Es beherrscht Rendering, Compositing, Motion Tracking, Videobearbeitung und vieles mehr. Es handelt sich um ein rollierendes monatliches Release und damit um den zus\u00e4tzlichen Namen Infinity. Wenn du sofort loslegen m\u00f6chtest, klicke unten den Button an.<\/p>[\/et_pb_text][et_pb_button button_url=&#8220;https:\/\/cinelerra-gg.org\/de\/?page_id=3803&#8243; button_text=&#8220;Lade Cinelerra GG herunter&#8220; button_alignment=&#8220;center&#8220; _builder_version=&#8220;3.26.4&#8243; button_bg_use_color_gradient=&#8220;on&#8220; button_bg_color_gradient_start_position=&#8220;49%&#8220; button_icon=&#8220;%%1%%&#8220; background_layout=&#8220;dark&#8220; animation_direction=&#8220;left&#8220; animation_duration_tablet=&#8220;&#8220; animation_duration_phone=&#8220;0ms&#8220; animation_duration_last_edited=&#8220;on|phone&#8220; box_shadow_style=&#8220;preset2&#8243; button_bg_color__hover_enabled=&#8220;on&#8220; button_bg_color__hover=&#8220;#050505&#8243;][\/et_pb_button][\/et_pb_column][et_pb_column type=&#8220;3_5&#8243; _builder_version=&#8220;3.25&#8243; custom_padding=&#8220;10px|||&#8220; custom_padding__hover=&#8220;|||&#8220;][et_pb_image src=&#8220;https:\/\/cinelerra-gg.org\/wp-content\/uploads\/2018\/11\/Cinelerra-gg-product-box-11.png&#8220; align_tablet=&#8220;center&#8220; align_phone=&#8220;&#8220; align_last_edited=&#8220;on|desktop&#8220; _builder_version=&#8220;3.26.4&#8243; animation_direction=&#8220;right&#8220; animation_direction_tablet=&#8220;&#8220; animation_direction_phone=&#8220;&#8220; animation_direction_last_edited=&#8220;on|desktop&#8220; animation_duration_tablet=&#8220;&#8220; animation_duration_phone=&#8220;0ms&#8220; animation_duration_last_edited=&#8220;on|phone&#8220; animation_speed_curve_tablet=&#8220;&#8220; animation_speed_curve_phone=&#8220;&#8220; animation_speed_curve_last_edited=&#8220;on|phone&#8220; animation_repeat_tablet=&#8220;&#8220; animation_repeat_phone=&#8220;&#8220; animation_repeat_last_edited=&#8220;on|desktop&#8220;][\/et_pb_image][\/et_pb_column][\/et_pb_row][\/et_pb_section][et_pb_section fb_built=&#8220;1&#8243; _builder_version=&#8220;3.22&#8243; background_color=&#8220;#000000&#8243; custom_padding=&#8220;12px|0px|18px|0px|false|false&#8220;][et_pb_row column_structure=&#8220;1_4,1_4,1_4,1_4&#8243; _builder_version=&#8220;3.25&#8243; custom_padding=&#8220;23px|0px|20px|0px|false|false&#8220;][et_pb_column type=&#8220;1_4&#8243; _builder_version=&#8220;3.25&#8243; custom_padding=&#8220;|||&#8220; custom_padding__hover=&#8220;|||&#8220;][et_pb_image src=&#8220;https:\/\/cinelerra-gg.org\/wp-content\/uploads\/2018\/11\/8K_logo_120.jpg&#8220; url=&#8220;https:\/\/cinelerra-gg.org\/de\/?page_id=2538#8k-feature&#8220; align=&#8220;center&#8220; align_tablet=&#8220;center&#8220; align_phone=&#8220;&#8220; align_last_edited=&#8220;on|desktop&#8220; _builder_version=&#8220;3.26.4&#8243; max_width=&#8220;43%&#8220; animation_duration_tablet=&#8220;&#8220; animation_duration_phone=&#8220;0ms&#8220; animation_duration_last_edited=&#8220;on|desktop&#8220;][\/et_pb_image][\/et_pb_column][et_pb_column type=&#8220;1_4&#8243; _builder_version=&#8220;3.25&#8243; custom_padding=&#8220;|||&#8220; custom_padding__hover=&#8220;|||&#8220;][et_pb_image src=&#8220;https:\/\/cinelerra-gg.org\/wp-content\/uploads\/2018\/11\/LV2-Logo_20.jpg&#8220; url=&#8220;https:\/\/cinelerra-gg.org\/de\/?page_id=2538#lv2-feature&#8220; align=&#8220;center&#8220; align_tablet=&#8220;center&#8220; align_phone=&#8220;&#8220; align_last_edited=&#8220;on|desktop&#8220; _builder_version=&#8220;3.26.4&#8243; max_width=&#8220;43%&#8220; animation_duration_tablet=&#8220;&#8220; animation_duration_phone=&#8220;0ms&#8220; animation_duration_last_edited=&#8220;on|desktop&#8220;][\/et_pb_image][\/et_pb_column][et_pb_column type=&#8220;1_4&#8243; _builder_version=&#8220;3.25&#8243; custom_padding=&#8220;|||&#8220; custom_padding__hover=&#8220;|||&#8220;][et_pb_image src=&#8220;https:\/\/cinelerra-gg.org\/wp-content\/uploads\/2018\/11\/Multicamera_05.jpg&#8220; url=&#8220;https:\/\/cinelerra-gg.org\/de\/?page_id=2538#multi-camera-feature&#8220; align=&#8220;center&#8220; align_tablet=&#8220;center&#8220; align_phone=&#8220;&#8220; align_last_edited=&#8220;on|desktop&#8220; _builder_version=&#8220;3.26.4&#8243; max_width=&#8220;51%&#8220; animation_duration_tablet=&#8220;&#8220; animation_duration_phone=&#8220;0ms&#8220; animation_duration_last_edited=&#8220;on|desktop&#8220;][\/et_pb_image][\/et_pb_column][et_pb_column type=&#8220;1_4&#8243; _builder_version=&#8220;3.25&#8243; custom_padding=&#8220;|||&#8220; custom_padding__hover=&#8220;|||&#8220;][et_pb_image src=&#8220;https:\/\/cinelerra-gg.org\/wp-content\/uploads\/2018\/11\/Proxy_02.jpg&#8220; url=&#8220;https:\/\/cinelerra-gg.org\/de\/?page_id=2538#proxy-feature&#8220; align=&#8220;center&#8220; align_tablet=&#8220;center&#8220; align_phone=&#8220;&#8220; align_last_edited=&#8220;on|desktop&#8220; _builder_version=&#8220;3.26.4&#8243; max_width=&#8220;49%&#8220; animation_duration_tablet=&#8220;&#8220; animation_duration_phone=&#8220;0ms&#8220; animation_duration_last_edited=&#8220;on|desktop&#8220;][\/et_pb_image][\/et_pb_column][\/et_pb_row][et_pb_row _builder_version=&#8220;3.26.4&#8243;][et_pb_column type=&#8220;4_4&#8243; _builder_version=&#8220;3.25&#8243; custom_padding=&#8220;|||&#8220; custom_padding__hover=&#8220;|||&#8220;][et_pb_text _builder_version=&#8220;3.27.4&#8243; text_font=&#8220;||||||||&#8220; background_layout=&#8220;dark&#8220;]<h2>Welche Eigenschaften hat Cinelerra?<\/h2>\n<p>Hier sieht man einen kleinen Ausschnitt aus den umfangreichen Funktionen. Cinelerra GG Infinity ist ein 8k-Editor, unterst\u00fctzt <a href=\"https:\/\/en.wikipedia.org\/wiki\/LV2\">LV2<\/a> wie die Audio-Mastering-Software <a href=\"https:\/\/calf-studio-gear.org\/\">Calf Studio Gear<\/a> und arbeitet mit mehreren Kameras. Es unterst\u00fctzt Proxies und verf\u00fcgt \u00fcber einen Texteditor zum Erstellen von Titeln und Texten f\u00fcr Ihre Videos. <a href=\"\/de\/?page_id=2538\">Hier findest<\/a> du eine umfangreichere Feature-Liste.<\/p>[\/et_pb_text][\/et_pb_column][\/et_pb_row][\/et_pb_section][et_pb_section fb_built=&#8220;1&#8243; _builder_version=&#8220;3.26.4&#8243; custom_padding=&#8220;90px||92px|||&#8220;][et_pb_row _builder_version=&#8220;3.26.4&#8243;][et_pb_column type=&#8220;4_4&#8243; _builder_version=&#8220;3.25&#8243; custom_padding=&#8220;|||&#8220; custom_padding__hover=&#8220;|||&#8220;][et_pb_text _builder_version=&#8220;3.27.4&#8243;]<h2>Was ist Cinelerra GG Infinity?<\/h2>\n<p>Cinelerra GG ist eine kostenlose Videobearbeitungssoftware, mit der du deine Videos bearbeiten und wie ein Film mit \u00dcberg\u00e4ngen, Effekten und Text aussehen lassen kannst. Damit kannst du unsch\u00f6ne Teile deines Videos ausschneiden, Sequenzen neu anordnen, sch\u00f6ne \u00dcberg\u00e4nge hinzuf\u00fcgen, visuelle Details oder die Audioqualit\u00e4t verbessern und Musik hinzuf\u00fcgen. Mit YouTube-Voreinstellungen kannst du dein neues Videoprojekt direkt f\u00fcr YouTube rendern. Cinelerra GG Infinity ist f\u00fcr Profis konzipiert, aber es ist genauso gut f\u00fcr Anf\u00e4nger die das Beste aus ihren Videos heraus holen wollen.<\/p>[\/et_pb_text][\/et_pb_column][\/et_pb_row][\/et_pb_section][et_pb_section fb_built=&#8220;1&#8243; fullwidth=&#8220;on&#8220; _builder_version=&#8220;4.4.2&#8243;][et_pb_fullwidth_image src=&#8220;https:\/\/cinelerra-gg.org\/wp-content\/uploads\/2020\/05\/Multi-screen-1.jpg&#8220; _builder_version=&#8220;4.4.2&#8243;][\/et_pb_fullwidth_image][\/et_pb_section][et_pb_section fb_built=&#8220;1&#8243; _builder_version=&#8220;3.22&#8243; background_color=&#8220;#fafafa&#8220; custom_padding=&#8220;164px|0px|165px|0px|false|false&#8220;][et_pb_row column_structure=&#8220;2_3,1_3&#8243; _builder_version=&#8220;3.25&#8243;][et_pb_column type=&#8220;2_3&#8243; _builder_version=&#8220;3.25&#8243; custom_padding=&#8220;|||&#8220; custom_padding__hover=&#8220;|||&#8220;][et_pb_image src=&#8220;https:\/\/cinelerra-gg.org\/wp-content\/uploads\/2018\/11\/Cin-Desktop_09.jpg&#8220; align_tablet=&#8220;center&#8220; align_phone=&#8220;&#8220; align_last_edited=&#8220;on|desktop&#8220; _builder_version=&#8220;3.26.4&#8243; animation_direction=&#8220;left&#8220; animation_duration_tablet=&#8220;&#8220; animation_duration_phone=&#8220;0ms&#8220; animation_duration_last_edited=&#8220;on|desktop&#8220;][\/et_pb_image][\/et_pb_column][et_pb_column type=&#8220;1_3&#8243; _builder_version=&#8220;3.25&#8243; custom_padding=&#8220;|||&#8220; custom_padding__hover=&#8220;|||&#8220;][et_pb_text _builder_version=&#8220;3.27.4&#8243; text_font=&#8220;||||||||&#8220; text_font_size=&#8220;16px&#8220; animation_duration_tablet=&#8220;&#8220; animation_duration_phone=&#8220;0ms&#8220; animation_duration_last_edited=&#8220;on|desktop&#8220;]<h2 style=\"text-align: left\">Kostenlose Videobearbeitungssoftware<\/h2>\n<p>&nbsp;<\/p>\n<p style=\"text-align: justify\">Cinelerra GG Infinity ist eine ressourcenschonende kostenlose Videobearbeitungssoftware f\u00fcr Linux. Es zeichnet sich durch umfangreiche M\u00f6glichkeiten zur Modifizierung von Video-und Tonmedien aus. Durch die Integration des Softwarepakets <a href=\"https:\/\/en.wikipedia.org\/wiki\/FFmpeg\">FFmpeg<\/a> stehen daher Hunderte Erweiterungen und Codecs zur Verf\u00fcgung. Es ist sicherlich nicht vergleichbar mit der Funktionalit\u00e4t der wichtigsten kommerziellen Videobearbeitungssoftware im Bereich der Video-Postproduktion, aber es ist mehr als ausreichend f\u00fcr den normalen Benutzer. Es ist kostenlos und Open-Source. Zusammen mit vielen Filmemachern, Entwicklern und Unterst\u00fctzern verfolgen wir eine kontinuierliche Entwicklung, daher der zus\u00e4tzliche Name Infinity, f\u00fcr eine monatliche und <a href=\"https:\/\/en.wikipedia.org\/wiki\/Rolling_release\">rollierende Ver\u00f6ffentlichung<\/a>.<\/p>[\/et_pb_text][\/et_pb_column][\/et_pb_row][\/et_pb_section][et_pb_section fb_built=&#8220;1&#8243; _builder_version=&#8220;3.22&#8243; background_color=&#8220;#e8e8e8&#8243;][et_pb_row _builder_version=&#8220;3.25&#8243; custom_padding=&#8220;27px|0px|7px|0px|false|false&#8220;][et_pb_column type=&#8220;4_4&#8243; _builder_version=&#8220;3.25&#8243; custom_padding=&#8220;|||&#8220; custom_padding__hover=&#8220;|||&#8220;][et_pb_blog posts_number=&#8220;1&#8243; include_categories=&#8220;13&#8243; show_content=&#8220;on&#8220; _builder_version=&#8220;3.26.4&#8243; animation_duration_tablet=&#8220;&#8220; animation_duration_phone=&#8220;0ms&#8220; animation_duration_last_edited=&#8220;on|desktop&#8220;][\/et_pb_blog][\/et_pb_column][\/et_pb_row][\/et_pb_section][et_pb_section fb_built=&#8220;1&#8243; _builder_version=&#8220;3.22&#8243; background_color=&#8220;#fafafa&#8220; custom_padding=&#8220;100px|0px|103px|0px|false|false&#8220;][et_pb_row column_structure=&#8220;3_4,1_4&#8243; _builder_version=&#8220;3.25&#8243; custom_padding=&#8220;33px|0px|27px|0px|false|false&#8220;][et_pb_column type=&#8220;3_4&#8243; _builder_version=&#8220;3.25&#8243; custom_padding=&#8220;|||&#8220; custom_padding__hover=&#8220;|||&#8220;][et_pb_text disabled_on=&#8220;off|off|off&#8220; _builder_version=&#8220;3.27.4&#8243; text_font=&#8220;||||||||&#8220; text_font_size=&#8220;16px&#8220; custom_margin=&#8220;|||&#8220; custom_padding=&#8220;10%|||&#8220; animation_duration_tablet=&#8220;&#8220; animation_duration_phone=&#8220;0ms&#8220; animation_duration_last_edited=&#8220;on|desktop&#8220;]<h2 style=\"text-align: left\">ShuttlePro v2 &amp; ShuttleXpress<\/h2>\n<p>Viele Videobearbeitungsexperten arbeiten lieber mit den entsprechenden Videobearbeitungskontrollger\u00e4ten, um den Arbeitsablauf zu erh\u00f6hen. Als Reaktion auf die Benutzernachfrage haben wir die Jog Wheels <a href=\"https:\/\/www.contourdesign.com\/product\/shuttle\/\" title=\"ShuttlePro v2 Amazon.com\">ShuttlePROv2<\/a> und <a href=\"https:\/\/www.amazon.com\/Contour-Design-Shuttle-Xpress-Multimedia-Controller\/dp\/B0001DBEKG\/ref=sr_1_4?crid=36JTKCHPG5F9J&amp;keywords=shuttle+express&amp;qid=1551485958&amp;s=gateway&amp;sprefix=shuttle+Xpress%2Caps%2C250&amp;sr=8-4\" title=\"ShuttleXpress Amazon.com\">ShuttleXpress<\/a> in Cinelerra-GG integriert, um eine intuitive Bedienung zu erm\u00f6glichen. Ausf\u00fchrlichere Informationen finden Sie im <a href=\"https:\/\/cinelerra-gg.org\/download\/CinelerraGG_Manual.pdf\" title=\"Cinelerra-GG Handbuch\">Benutzerhandbuch<\/a>.<\/p>[\/et_pb_text][\/et_pb_column][et_pb_column type=&#8220;1_4&#8243; _builder_version=&#8220;3.25&#8243; custom_padding=&#8220;|||&#8220; custom_padding__hover=&#8220;|||&#8220;][et_pb_image src=&#8220;https:\/\/cinelerra-gg.org\/wp-content\/uploads\/2019\/03\/ShuttlePro_vertical_v1.1.png&#8220; align_tablet=&#8220;center&#8220; align_phone=&#8220;&#8220; align_last_edited=&#8220;on|desktop&#8220; _builder_version=&#8220;3.26.4&#8243; animation_direction=&#8220;left&#8220; animation_duration_tablet=&#8220;&#8220; animation_duration_phone=&#8220;0ms&#8220; animation_duration_last_edited=&#8220;on|desktop&#8220;][\/et_pb_image][\/et_pb_column][\/et_pb_row][\/et_pb_section][et_pb_section fb_built=&#8220;1&#8243; _builder_version=&#8220;3.22&#8243; background_color=&#8220;#000000&#8243; parallax=&#8220;on&#8220; custom_padding=&#8220;113px|0px|135px|0px|false|false&#8220;][et_pb_row _builder_version=&#8220;3.25&#8243;][et_pb_column type=&#8220;4_4&#8243; _builder_version=&#8220;3.25&#8243; custom_padding=&#8220;|||&#8220; custom_padding__hover=&#8220;|||&#8220;][et_pb_video src=&#8220;https:\/\/youtu.be\/SRaQwm9bIVk&#8220; image_src=&#8220;\/\/i.ytimg.com\/vi\/SzP2o2OJ90g\/hqdefault.jpg&#8220; _builder_version=&#8220;4.4.7&#8243; hover_enabled=&#8220;0&#8243;][\/et_pb_video][\/et_pb_column][\/et_pb_row][\/et_pb_section][et_pb_section fb_built=&#8220;1&#8243; _builder_version=&#8220;3.22&#8243; background_color=&#8220;#fcfcfc&#8220; parallax=&#8220;on&#8220; custom_padding=&#8220;58px|0px|32px|0px|false|false&#8220;][et_pb_row _builder_version=&#8220;3.26.4&#8243;][et_pb_column type=&#8220;4_4&#8243; _builder_version=&#8220;3.25&#8243; custom_padding=&#8220;|||&#8220; custom_padding__hover=&#8220;|||&#8220;][et_pb_image src=&#8220;https:\/\/cinelerra-gg.org\/wp-content\/uploads\/2018\/11\/Cin-Desktop_04.jpg&#8220; align=&#8220;center&#8220; align_tablet=&#8220;center&#8220; align_phone=&#8220;&#8220; align_last_edited=&#8220;on|desktop&#8220; _builder_version=&#8220;3.26.4&#8243; animation_duration_tablet=&#8220;&#8220; animation_duration_phone=&#8220;0ms&#8220; animation_duration_last_edited=&#8220;on|desktop&#8220;][\/et_pb_image][\/et_pb_column][\/et_pb_row][\/et_pb_section][et_pb_section fb_built=&#8220;1&#8243; _builder_version=&#8220;3.22&#8243; background_color=&#8220;#fcfcfc&#8220; parallax=&#8220;on&#8220; custom_padding=&#8220;90px|0px|135px|0px|false|false&#8220;][et_pb_row column_structure=&#8220;3_4,1_4&#8243; _builder_version=&#8220;3.26.4&#8243; custom_padding=&#8220;46px|0px|50px|0px|false|false&#8220; animation_delay_tablet=&#8220;&#8220; animation_delay_phone=&#8220;&#8220; animation_delay_last_edited=&#8220;on|phone&#8220;][et_pb_column type=&#8220;3_4&#8243; _builder_version=&#8220;3.25&#8243; custom_padding=&#8220;|||&#8220; custom_padding__hover=&#8220;|||&#8220;][et_pb_text _builder_version=&#8220;3.27.4&#8243;]<h2>Gibt es Cinelerra GG Infinity auch f\u00fcr andere Betriebssysteme?<\/h2>\n<p>Cinelerra GG Infinity ist f\u00fcr <a href=\"https:\/\/en.wikipedia.org\/wiki\/Linux\">GNU\/Linux<\/a> und <a href=\"https:\/\/en.wikipedia.org\/wiki\/FreeBSD\">FreeBSDverf\u00fcgbar<\/a>. Aufgrund des Mangels an professionellen Videobearbeitungsanwendungen f\u00fcr Linux wurde Cinelerra f\u00fcr Linux entwickelt. Cinelerra GG dient daher als Ersatz und deshalb gibt es keine Windows oder Mac-Version. Wir unterst\u00fctzen bis zu neun verschiedene Distributionen. <a href=\"\/de\/?page_id=3803\">Hier geht es<\/a> zur \u00dcbersichtsseite zum Download.<\/p>[\/et_pb_text][\/et_pb_column][et_pb_column type=&#8220;1_4&#8243; _builder_version=&#8220;3.25&#8243; custom_padding=&#8220;|||&#8220; custom_padding__hover=&#8220;|||&#8220;][et_pb_image src=&#8220;https:\/\/cinelerra-gg.org\/wp-content\/uploads\/2019\/01\/computer_128px.png&#8220; align_tablet=&#8220;center&#8220; align_phone=&#8220;&#8220; align_last_edited=&#8220;on|desktop&#8220; _builder_version=&#8220;3.26.4&#8243;][\/et_pb_image][\/et_pb_column][\/et_pb_row][et_pb_row column_structure=&#8220;1_4,3_4&#8243; _builder_version=&#8220;3.26.4&#8243; custom_padding=&#8220;46px|0px|27px|0px|false|false&#8220; animation_delay_tablet=&#8220;&#8220; animation_delay_phone=&#8220;&#8220; animation_delay_last_edited=&#8220;on|desktop&#8220;][et_pb_column type=&#8220;1_4&#8243; _builder_version=&#8220;3.25&#8243; custom_padding=&#8220;|||&#8220; custom_padding__hover=&#8220;|||&#8220;][et_pb_image src=&#8220;https:\/\/cinelerra-gg.org\/wp-content\/uploads\/2019\/01\/help.png&#8220; align=&#8220;center&#8220; align_tablet=&#8220;center&#8220; align_phone=&#8220;&#8220; align_last_edited=&#8220;on|desktop&#8220; _builder_version=&#8220;3.23&#8243;][\/et_pb_image][\/et_pb_column][et_pb_column type=&#8220;3_4&#8243; _builder_version=&#8220;3.25&#8243; custom_padding=&#8220;|||&#8220; custom_padding__hover=&#8220;|||&#8220;][et_pb_text _builder_version=&#8220;3.27.4&#8243;]<h2>Ich brauche Hilfe, wer kann mir helfen?<\/h2>\n<p>Wir sind eine freie Gemeinschaft von Filmemachern und Entwicklern und helfen einander. Wenn du nicht wei\u00dft, was du tun sollst und Hilfe brauchst, helfen dir unsere engagierten ehrenamtlichen Helfer oder Entwickler. Hier finden Sie eine <a href=\"\/de\/?page_id=3808\">Support-\u00dcbersicht<\/a> \u00fcber alle wichtigen Kontaktstellen, von <a href=\"https:\/\/cinelerra-gg.org\/forum\/\">Foren,<\/a> <a href=\"https:\/\/cinelerra-gg.org\/bugtracker\/my_view_page.php\">Problem Trackern<\/a> bis hin zu <a href=\"https:\/\/lists.cinelerra-gg.org\/mailman\/listinfo\/cin\">Mailinglisten<\/a>. Wenn du neu hier bist, empfehlen wir dir, zuerst das Forum zu benutzen. Hier findest du die <a href=\"\/de\/?page_id=3803#documentation\">Dokumentation<\/a>, versuche dir dort einen kleinen \u00dcberblick zu verschaffen.<\/p>\n<p>&nbsp;<\/p>[\/et_pb_text][\/et_pb_column][\/et_pb_row][\/et_pb_section]\n","protected":false},"excerpt":{"rendered":"<p>Cinelerra GG Infinity Cinelerra GG Infinity ist eine kostenlose und Open-Source-Videobearbeitungssoftware f\u00fcr Linux. Es beherrscht Rendering, Compositing, Motion Tracking, Videobearbeitung und vieles mehr. Es handelt sich um ein rollierendes monatliches Release und damit um den zus\u00e4tzlichen Namen Infinity. Wenn du sofort loslegen m\u00f6chtest, klicke unten den Button an.Welche Eigenschaften hat Cinelerra? Hier sieht man einen [&hellip;]<\/p>\n","protected":false},"author":1,"featured_media":0,"parent":0,"menu_order":0,"comment_status":"closed","ping_status":"closed","template":"","meta":{"_et_pb_use_builder":"on","_et_pb_old_content":"","_et_gb_content_width":"","footnotes":""},"class_list":["post-2159","page","type-page","status-publish","hentry"],"yoast_head":"<!-- This site is optimized with the Yoast SEO plugin v27.0 - https:\/\/yoast.com\/product\/yoast-seo-wordpress\/ -->\n<title>Cinelerra GG Infinity eine kostenlose Videobearbeitungssoftware f\u00fcr Linux<\/title>\n<meta name=\"description\" content=\"Cinelerra GG Infinity ist eine kostenlose Videobearbeitungssoftware f\u00fcr Linux. Editiere deine Videos wie ein Profi f\u00fcr YouTube, Facebook und Instagram.\" \/>\n<meta name=\"robots\" content=\"index, follow, max-snippet:-1, max-image-preview:large, max-video-preview:-1\" \/>\n<link rel=\"canonical\" href=\"https:\/\/cinelerra-gg.org\/de\/\" \/>\n<meta property=\"og:locale\" content=\"de_DE\" \/>\n<meta property=\"og:type\" content=\"article\" \/>\n<meta property=\"og:title\" content=\"Cinelerra GG Infinity eine kostenlose Videobearbeitungssoftware f\u00fcr Linux\" \/>\n<meta property=\"og:description\" content=\"Cinelerra GG Infinity ist eine kostenlose Videobearbeitungssoftware f\u00fcr Linux. Editiere deine Videos wie ein Profi f\u00fcr YouTube, Facebook und Instagram.\" \/>\n<meta property=\"og:url\" content=\"https:\/\/cinelerra-gg.org\/de\/\" \/>\n<meta property=\"og:site_name\" content=\"Cinelerra GG\" \/>\n<meta property=\"article:modified_time\" content=\"2020-09-26T19:30:52+00:00\" \/>\n<meta name=\"twitter:card\" content=\"summary_large_image\" \/>\n<meta name=\"twitter:label1\" content=\"Gesch\u00e4tzte Lesezeit\" \/>\n\t<meta name=\"twitter:data1\" content=\"10\u00a0Minuten\" \/>\n<script type=\"application\/ld+json\" class=\"yoast-schema-graph\">{\"@context\":\"https:\/\/schema.org\",\"@graph\":[{\"@type\":\"WebPage\",\"@id\":\"https:\/\/cinelerra-gg.org\/de\/\",\"url\":\"https:\/\/cinelerra-gg.org\/de\/\",\"name\":\"Cinelerra GG Infinity eine kostenlose Videobearbeitungssoftware f\u00fcr Linux\",\"isPartOf\":{\"@id\":\"https:\/\/cinelerra-gg.org\/de\/#website\"},\"datePublished\":\"2019-02-06T03:46:43+00:00\",\"dateModified\":\"2020-09-26T19:30:52+00:00\",\"description\":\"Cinelerra GG Infinity ist eine kostenlose Videobearbeitungssoftware f\u00fcr Linux. Editiere deine Videos wie ein Profi f\u00fcr YouTube, Facebook und Instagram.\",\"breadcrumb\":{\"@id\":\"https:\/\/cinelerra-gg.org\/de\/#breadcrumb\"},\"inLanguage\":\"de\",\"potentialAction\":[{\"@type\":\"ReadAction\",\"target\":[\"https:\/\/cinelerra-gg.org\/de\/\"]}]},{\"@type\":\"BreadcrumbList\",\"@id\":\"https:\/\/cinelerra-gg.org\/de\/#breadcrumb\",\"itemListElement\":[{\"@type\":\"ListItem\",\"position\":1,\"name\":\"Home\",\"item\":\"https:\/\/cinelerra-gg.org\/de\/\"},{\"@type\":\"ListItem\",\"position\":2,\"name\":\"Videobearbeitung &amp; Compositing-Software\"}]},{\"@type\":\"WebSite\",\"@id\":\"https:\/\/cinelerra-gg.org\/de\/#website\",\"url\":\"https:\/\/cinelerra-gg.org\/de\/\",\"name\":\"Cinelerra GG\",\"description\":\"Cinelerra GG free video editing software\",\"potentialAction\":[{\"@type\":\"SearchAction\",\"target\":{\"@type\":\"EntryPoint\",\"urlTemplate\":\"https:\/\/cinelerra-gg.org\/de\/?s={search_term_string}\"},\"query-input\":{\"@type\":\"PropertyValueSpecification\",\"valueRequired\":true,\"valueName\":\"search_term_string\"}}],\"inLanguage\":\"de\"}]}<\/script>\n<!-- \/ Yoast SEO plugin. -->","yoast_head_json":{"title":"Cinelerra GG Infinity eine kostenlose Videobearbeitungssoftware f\u00fcr Linux","description":"Cinelerra GG Infinity ist eine kostenlose Videobearbeitungssoftware f\u00fcr Linux. Editiere deine Videos wie ein Profi f\u00fcr YouTube, Facebook und Instagram.","robots":{"index":"index","follow":"follow","max-snippet":"max-snippet:-1","max-image-preview":"max-image-preview:large","max-video-preview":"max-video-preview:-1"},"canonical":"https:\/\/cinelerra-gg.org\/de\/","og_locale":"de_DE","og_type":"article","og_title":"Cinelerra GG Infinity eine kostenlose Videobearbeitungssoftware f\u00fcr Linux","og_description":"Cinelerra GG Infinity ist eine kostenlose Videobearbeitungssoftware f\u00fcr Linux. Editiere deine Videos wie ein Profi f\u00fcr YouTube, Facebook und Instagram.","og_url":"https:\/\/cinelerra-gg.org\/de\/","og_site_name":"Cinelerra GG","article_modified_time":"2020-09-26T19:30:52+00:00","twitter_card":"summary_large_image","twitter_misc":{"Gesch\u00e4tzte Lesezeit":"10\u00a0Minuten"},"schema":{"@context":"https:\/\/schema.org","@graph":[{"@type":"WebPage","@id":"https:\/\/cinelerra-gg.org\/de\/","url":"https:\/\/cinelerra-gg.org\/de\/","name":"Cinelerra GG Infinity eine kostenlose Videobearbeitungssoftware f\u00fcr Linux","isPartOf":{"@id":"https:\/\/cinelerra-gg.org\/de\/#website"},"datePublished":"2019-02-06T03:46:43+00:00","dateModified":"2020-09-26T19:30:52+00:00","description":"Cinelerra GG Infinity ist eine kostenlose Videobearbeitungssoftware f\u00fcr Linux. Editiere deine Videos wie ein Profi f\u00fcr YouTube, Facebook und Instagram.","breadcrumb":{"@id":"https:\/\/cinelerra-gg.org\/de\/#breadcrumb"},"inLanguage":"de","potentialAction":[{"@type":"ReadAction","target":["https:\/\/cinelerra-gg.org\/de\/"]}]},{"@type":"BreadcrumbList","@id":"https:\/\/cinelerra-gg.org\/de\/#breadcrumb","itemListElement":[{"@type":"ListItem","position":1,"name":"Home","item":"https:\/\/cinelerra-gg.org\/de\/"},{"@type":"ListItem","position":2,"name":"Videobearbeitung &amp; Compositing-Software"}]},{"@type":"WebSite","@id":"https:\/\/cinelerra-gg.org\/de\/#website","url":"https:\/\/cinelerra-gg.org\/de\/","name":"Cinelerra GG","description":"Cinelerra GG free video editing software","potentialAction":[{"@type":"SearchAction","target":{"@type":"EntryPoint","urlTemplate":"https:\/\/cinelerra-gg.org\/de\/?s={search_term_string}"},"query-input":{"@type":"PropertyValueSpecification","valueRequired":true,"valueName":"search_term_string"}}],"inLanguage":"de"}]}},"_links":{"self":[{"href":"https:\/\/cinelerra-gg.org\/de\/wp-json\/wp\/v2\/pages\/2159","targetHints":{"allow":["GET"]}}],"collection":[{"href":"https:\/\/cinelerra-gg.org\/de\/wp-json\/wp\/v2\/pages"}],"about":[{"href":"https:\/\/cinelerra-gg.org\/de\/wp-json\/wp\/v2\/types\/page"}],"author":[{"embeddable":true,"href":"https:\/\/cinelerra-gg.org\/de\/wp-json\/wp\/v2\/users\/1"}],"replies":[{"embeddable":true,"href":"https:\/\/cinelerra-gg.org\/de\/wp-json\/wp\/v2\/comments?post=2159"}],"version-history":[{"count":0,"href":"https:\/\/cinelerra-gg.org\/de\/wp-json\/wp\/v2\/pages\/2159\/revisions"}],"wp:attachment":[{"href":"https:\/\/cinelerra-gg.org\/de\/wp-json\/wp\/v2\/media?parent=2159"}],"curies":[{"name":"wp","href":"https:\/\/api.w.org\/{rel}","templated":true}]}}